{"id":59229,"date":"2019-10-19T18:02:03","date_gmt":"2019-10-20T00:02:03","guid":{"rendered":"https:\/\/imco.org.mx\/en\/?page_id=59229"},"modified":"2022-09-05T10:53:05","modified_gmt":"2022-09-05T16:53:05","slug":"aviso-de-privacidad","status":"publish","type":"page","link":"https:\/\/imco.org.mx\/en\/aviso-de-privacidad\/","title":{"rendered":"Aviso de privacidad"},"content":{"rendered":"<p><strong>I. IDENTIDAD DEL RESPONSABLE<\/strong><\/p>\n<p>El Instituto Mexicano para la Competitividad, A.C. (IMCO), con domicilio en Avenida Cordillera de los Andes No. 370 PB. Col. Lomas de Chapultepec I secci\u00f3n. Delegaci\u00f3n Miguel Hidalgo. C.P. 11000. CDMX, es el responsable del uso y protecci\u00f3n de sus datos personales, y al respecto le informa lo siguiente:<\/p>\n<p><strong>II. FINALIDADES<\/strong><\/p>\n<p>Los datos personales recabados por escrito, de forma verbal, correo electr\u00f3nico, o cualquier otro medio de comunicaci\u00f3n o contacto, ser\u00e1n utilizados para las siguientes finalidades en forma enunciativa mas no limitativa:<\/p>\n<ul>\n<li>Identificaci\u00f3n, localizaci\u00f3n y contacto.<\/li>\n<li>Registro de entrada y salida a sus instalaciones.<\/li>\n<li>Registro en bases de datos como proveedor, prestador de servicios profesionales, beneficiario, donante, prestador de servicio social, pr\u00e1cticas profesionales o trabajador.<\/li>\n<li>Responder a sus consultas y peticiones.<\/li>\n<li>Invitaci\u00f3n a eventos de presentaci\u00f3n de estudios, conferencias, ruedas de prensa, entre otros.<\/li>\n<li>Efectuar el registro a eventos de presentaci\u00f3n de estudios, conferencias, ruedas de prensa, entre otros.<\/li>\n<li>Para publicidad y\/o mercadotecnia<\/li>\n<li>Realizar estad\u00edsticas de consulta.<\/li>\n<li>Integraci\u00f3n a redes sociales como Facebook, Twitter, Instagram u otras similares.<\/li>\n<li>Medir la utilizaci\u00f3n y mejorar el contenido del sitio web.<\/li>\n<li>Geolocalizaci\u00f3n del Titular que permita presentar propuestas basadas en una ubicaci\u00f3n geogr\u00e1fica y contenido relevante para el usuario.<\/li>\n<li>Env\u00edo de noticias e informaci\u00f3n.<\/li>\n<\/ul>\n<p><strong>III. DATOS RECABADOS<\/strong><\/p>\n<p>Para llevar a cabo las finalidades descritas en el presente aviso de privacidad, los datos que se obtienen son los siguientes:<\/p>\n<ul>\n<li>Nombre(s)<\/li>\n<li>Apellido paterno y materno.<\/li>\n<li>Fecha y lugar de nacimiento.<\/li>\n<li>Nacionalidad.<\/li>\n<li>Lugar de residencia.<\/li>\n<li>Direcci\u00f3n de correo electr\u00f3nico.<\/li>\n<li>G\u00e9nero.<\/li>\n<li>Estado Civil.<\/li>\n<li>Ocupaci\u00f3n.<\/li>\n<li>Nivel de estudios<\/li>\n<li>Carrera profesional.<\/li>\n<li>Universidad o escuela de la que es egresado de licenciatura, especialidad, posgrado, maestr\u00eda o doctorado.<\/li>\n<li>Empresa o lugar donde labora.<\/li>\n<li>Puesto.<\/li>\n<\/ul>\n<p>Se informa que la Asociaci\u00f3n Civil, no recabar\u00e1 datos que son considerados sensibles por la Ley Federal de Protecci\u00f3n de Datos Personales en Posesi\u00f3n de Particulares(1) que puedan revelar aspectos como:<\/p>\n<ul>\n<li style=\"font-weight: 400;\" aria-level=\"1\"><span style=\"font-weight: 400;\">Origen racial o \u00e9tnico.<\/span><\/li>\n<li style=\"font-weight: 400;\" aria-level=\"1\"><span style=\"font-weight: 400;\">Estado de salud presente o futuro.<\/span><\/li>\n<li style=\"font-weight: 400;\" aria-level=\"1\"><span style=\"font-weight: 400;\">Informaci\u00f3n gen\u00e9tica.<\/span><\/li>\n<li style=\"font-weight: 400;\" aria-level=\"1\"><span style=\"font-weight: 400;\">Creencias religiosas, filos\u00f3ficas y morales.<\/span><\/li>\n<li style=\"font-weight: 400;\" aria-level=\"1\"><span style=\"font-weight: 400;\">Afiliaci\u00f3n sindical.<\/span><\/li>\n<li style=\"font-weight: 400;\" aria-level=\"1\"><span style=\"font-weight: 400;\">Opiniones pol\u00edticas.<\/span><\/li>\n<li style=\"font-weight: 400;\" aria-level=\"1\"><span style=\"font-weight: 400;\">Preferencia sexual. <\/span><\/li>\n<\/ul>\n<p><span style=\"font-weight: 400;\">La temporalidad del manejo de estos datos ser\u00e1 indeterminada desde el momento en que los proporcione. En caso de no estar de acuerdo se podr\u00e1 hacer la solicitud y se dejar\u00e1n de utilizar sin ninguna responsabilidad por parte de la Asociaci\u00f3n Civil.\u00a0<\/span><\/p>\n<p><span style=\"font-weight: 400;\">Los datos personales proporcionados se mantendr\u00e1n en confidencialidad, de acuerdo a las medidas de seguridad que la Asociaci\u00f3n Civil implemente para ese fin, ya sea de forma f\u00edsica, t\u00e9cnica o administrativa, con el objetivo de proteger los datos contra da\u00f1o, p\u00e9rdida, alteraci\u00f3n, destrucci\u00f3n o el uso, acceso o tratamiento no autorizado.<\/span><\/p>\n<p><span style=\"font-weight: 400;\">Al proporcionarnos sus datos personales y no manifieste su oposici\u00f3n, se presumir\u00e1 su total aceptaci\u00f3n al presente aviso de privacidad.\u00a0<\/span><\/p>\n<p><span style=\"font-weight: 400;\">De acuerdo a la Ley Federal de Protecci\u00f3n de Datos Personales en Posesi\u00f3n de Particulares, no ser\u00e1 necesario el consentimiento para el tratamiento de los datos personales cuando:<\/span><span style=\"font-weight: 400;\">\u00a0<\/span><\/p>\n<ol>\n<li style=\"font-weight: 400;\" aria-level=\"1\"><span style=\"font-weight: 400;\">Este previsto en una ley;\u00a0<\/span><\/li>\n<li style=\"font-weight: 400;\" aria-level=\"1\"><span style=\"font-weight: 400;\">Los datos figuren en fuentes de acceso p\u00fablico;<\/span><\/li>\n<li style=\"font-weight: 400;\" aria-level=\"1\"><span style=\"font-weight: 400;\">Los datos personales se sometan a un procedimiento previo de disociaci\u00f3n;\u00a0<\/span><\/li>\n<li style=\"font-weight: 400;\" aria-level=\"1\"><span style=\"font-weight: 400;\">Tenga el prop\u00f3sito de cumplir obligaciones derivadas de una relaci\u00f3n jur\u00eddica entre el titular y el responsable;\u00a0<\/span><\/li>\n<li style=\"font-weight: 400;\" aria-level=\"1\"><span style=\"font-weight: 400;\">Exista una situaci\u00f3n de emergencia que potencialmente pueda da\u00f1ar a un individuo en su persona o en sus bienes;<\/span><\/li>\n<li style=\"font-weight: 400;\" aria-level=\"1\"><span style=\"font-weight: 400;\">Sean indispensables para la atenci\u00f3n m\u00e9dica, la prevenci\u00f3n, diagn\u00f3stico, la prestaci\u00f3n de asistencia sanitaria, tratamientos m\u00e9dicos o la gesti\u00f3n de servicios sanitarios, mientras el titular no est\u00e9 en condiciones de otorgar consentimiento, en los t\u00e9rminos que establece la Ley General de Salud y dem\u00e1s disposiciones jur\u00eddicas aplicables y que dicho tratamiento de datos se realice por una persona sujeta al secreto profesional u obligaci\u00f3n equivalente, o<\/span><\/li>\n<li style=\"font-weight: 400;\" aria-level=\"1\"><span style=\"font-weight: 400;\">Se dicte resoluci\u00f3n de autoridad competente.<\/span><\/li>\n<\/ol>\n<p><span style=\"font-weight: 400;\">\u00a0(1) Art\u00edculo 3 fracci\u00f3n VI de la Ley Federal de Protecci\u00f3n de Datos Personales en Posesi\u00f3n de Particulares. En: <\/span><a href=\"https:\/\/www.diputados.gob.mx\/LeyesBiblio\/pdf\/LFPDPPP.pdf\"><span style=\"font-weight: 400;\">https:\/\/www.diputados.gob.mx\/LeyesBiblio\/pdf\/LFPDPPP.pdf<\/span><\/a><\/p>\n<p><strong>IV. TRANSFERENCIAS<\/strong><\/p>\n<p>Le informamos que el IMCO no realiza transferencias de los datos personales recabados.<\/p>\n<p><strong>V. EJERCICIO DE DERECHOS ARCO<\/strong><\/p>\n<p><span style=\"font-weight: 400;\">Usted tiene derecho a conocer qu\u00e9 datos personales tenemos de usted, as\u00ed como el uso y tratamiento que les damos (Acceso). Asimismo, es su derecho solicitar la correcci\u00f3n de su informaci\u00f3n personal en caso de que est\u00e9 desactualizada, sea inexacta o incompleta (Rectificaci\u00f3n); que la eliminemos de nuestros registros o bases de datos cuando considere que la misma no est\u00e1 siendo utilizada conforme a los principios, deberes y obligaciones previstas en la normativa (Cancelaci\u00f3n); as\u00ed como oponerse al uso de sus datos personales para fines espec\u00edficos (Oposici\u00f3n). Estos derechos se conocen como derechos ARCO.<\/span><\/p>\n<p><span style=\"font-weight: 400;\">Para el ejercicio de cualquiera de los derechos ARCO, usted deber\u00e1 enviar un escrito dirigido a la Direcci\u00f3n de Desarrollo Institucional del IMCO a la siguiente direcci\u00f3n de correo electr\u00f3nico: contacto@imco.org.mx<\/span><\/p>\n<p><span style=\"font-weight: 400;\">El escrito deber\u00e1 contener y adjuntar los siguientes documentos en copia escaneada o PDF:<\/span><\/p>\n<ul>\n<li style=\"font-weight: 400;\" aria-level=\"1\"><span style=\"font-weight: 400;\">El nombre del titular y domicilio u otro medio para comunicarle la respuesta a su solicitud.<\/span><\/li>\n<li style=\"font-weight: 400;\" aria-level=\"1\"><span style=\"font-weight: 400;\">Copia de una identificaci\u00f3n oficial vigente del titular de los datos personales o, en caso de que el tr\u00e1mite se lleve a cabo por un representante legal, se deber\u00e1 adjuntar carta poder notarial o carta poder firmada ante dos testigos, as\u00ed como una copia de la identificaci\u00f3n oficial vigente del representante legal y de los testigos.<\/span><\/li>\n<li style=\"font-weight: 400;\" aria-level=\"1\"><span style=\"font-weight: 400;\">La descripci\u00f3n clara y precisa de los datos personales respecto de los que se busca ejercer alguno de los derechos antes mencionados.<\/span><\/li>\n<li style=\"font-weight: 400;\" aria-level=\"1\"><span style=\"font-weight: 400;\">Cualquier otro elemento o documento que facilite la localizaci\u00f3n de los datos personales.<\/span><\/li>\n<li style=\"font-weight: 400;\" aria-level=\"1\"><span style=\"font-weight: 400;\">En caso de que la informaci\u00f3n proporcionada sea insuficiente o ambigua, o no se acredite la personalidad, se le podr\u00e1 solicitar dentro de los 5 d\u00edas siguientes a la presentaci\u00f3n de su solicitud que aporte los elementos o documentos necesarios para dar tr\u00e1mite a la misma. Usted contar\u00e1 con 10 d\u00edas h\u00e1biles para proporcionar aquellos datos faltantes a su solicitud o dar respuesta al requerimiento que se le indique.<\/span><\/li>\n<li style=\"font-weight: 400;\" aria-level=\"1\"><span style=\"font-weight: 400;\">En caso de que no se reciba respuesta dentro del plazo establecido, se tendr\u00e1 por no presentada la solicitud correspondiente.<\/span><\/li>\n<li style=\"font-weight: 400;\" aria-level=\"1\"><span style=\"font-weight: 400;\">En un plazo m\u00e1ximo de 20 d\u00edas se le comunicar\u00e1 si su solicitud resulta procedente. En caso de que resulte procedente, dentro de los 15 d\u00edas siguientes se har\u00e1 efectivo el ejercicio del derecho que usted solicite y se le notificar\u00e1n los resultados de su petici\u00f3n.<\/span><\/li>\n<li style=\"font-weight: 400;\" aria-level=\"1\"><span style=\"font-weight: 400;\">Los plazos antes referidos podr\u00e1n ser ampliados una sola vez por un periodo igual, siempre y cuando as\u00ed lo justifiquen las circunstancias del caso y se le notificar\u00e1 a trav\u00e9s de los medios de contacto proporcionados.<\/span><\/li>\n<\/ul>\n<p><span style=\"font-weight: 400;\">Los datos de contacto de la persona que dar\u00e1 tr\u00e1mite a las solicitudes para el ejercicio de los derechos ARCO, as\u00ed como atender cualquier duda que pudiera tener respecto al tratamiento de su informaci\u00f3n son los siguientes:<\/span><\/p>\n<p><span style=\"font-weight: 400;\">A la Direcci\u00f3n de Desarrollo Institucional del IMCO, con domicilio en Avenida Cordillera de los Andes No. 370 PB. Col. Lomas de Chapultepec I secci\u00f3n. Delegaci\u00f3n Miguel Hidalgo. C.P. 11000. CDMX,\u00a0tel\u00e9fono +52 55 5985 1017, contacto@imco.org.mx<\/span><\/p>\n<p><strong>VI. REVOCACI\u00d3N DEL CONSENTIMIENTO<\/strong><\/p>\n<p><span style=\"font-weight: 400;\">Usted puede revocar el consentimiento que, en su caso, nos haya otorgado para el tratamiento de sus datos personales en cualquier momento. Sin embargo, es importante tener en cuenta que, para ciertos fines, la revocaci\u00f3n de su consentimiento implicar\u00e1 que no le podamos seguir prestando el servicio que nos solicit\u00f3, o la conclusi\u00f3n de su relaci\u00f3n con nosotros.<\/span><\/p>\n<p><span style=\"font-weight: 400;\">Para solicitar la revocaci\u00f3n del consentimiento deber\u00e1 enviar un correo electr\u00f3nico a contacto@imco.org.mx en donde se le informar\u00e1 el procedimiento a seguir.<\/span><\/p>\n<p><strong>VII. LIMITACI\u00d3N AL USO O DIVULGACI\u00d3N DE LOS DATOS PERSONALES<\/strong><\/p>\n<p><span style=\"font-weight: 400;\">Si desea limitar el uso o divulgaci\u00f3n de los datos personales que nos ha otorgado con fines de publicidad y\/o mercadotecnia, env\u00edenos un correo a la direcci\u00f3n contacto@imco.org.mx, o puede darse de baja autom\u00e1ticamente desde los correos que le enviaremos, haciendo clic en la parte \u201cSi no desea recibir esta informaci\u00f3n favor de hacer click aqu\u00ed.\u201d<\/span><\/p>\n<p><strong>VIII. EL USO DE TECNOLOG\u00cdAS DE RASTREO EN NUESTRO PORTAL DE INTERNET<\/strong><\/p>\n<p><span style=\"font-weight: 400;\">Le informamos que en nuestro portal <\/span><b>www.imco.org.mx<\/b><span style=\"font-weight: 400;\"> o cualquiera de sus subdominios utilizamos cookies, web beacons (im\u00e1genes visible u oculta insertada dentro de un sitio web o correo electr\u00f3nico) y otras tecnolog\u00edas a trav\u00e9s de las cuales es posible monitorear su comportamiento como usuario de Internet, brindarle un mejor servicio y experiencia de usuario al navegar en nuestra p\u00e1gina.<\/span><\/p>\n<p><span style=\"font-weight: 400;\">Los datos personales que obtenemos de estas tecnolog\u00edas de rastreo son los siguientes:\u00a0<\/span><\/p>\n<ul>\n<li style=\"font-weight: 400;\" aria-level=\"1\"><span style=\"font-weight: 400;\">Direcci\u00f3n de protocolo de Internet.\u00a0<\/span><\/li>\n<li style=\"font-weight: 400;\" aria-level=\"1\"><span style=\"font-weight: 400;\">El tipo y el idioma del navegador.\u00a0<\/span><\/li>\n<li style=\"font-weight: 400;\" aria-level=\"1\"><span style=\"font-weight: 400;\">La fecha y la hora de la solicitud.\u00a0<\/span><\/li>\n<li style=\"font-weight: 400;\" aria-level=\"1\"><span style=\"font-weight: 400;\">Una o varias cookies que identifican el navegador de forma exclusiva.<\/span><\/li>\n<\/ul>\n<p><span style=\"font-weight: 400;\">Estas cookies y otras tecnolog\u00edas podr\u00e1n deshabilitarse desde su aparato electr\u00f3nico en uso.<\/span><\/p>\n<p><b>CAMBIOS EN EL AVISO DE PRIVACIDAD<\/b><\/p>\n<p><span style=\"font-weight: 400;\">El presente aviso de privacidad podr\u00e1 ser modificado o actualizado en cualquier momento. Dichas modificaciones ser\u00e1n informadas de manera oportuna a trav\u00e9s de correo electr\u00f3nico, tel\u00e9fono, o cualquier otro medio de comunicaci\u00f3n que se haya proporcionado para contacto.<\/span><\/p>\n<p><span style=\"font-weight: 400;\">En caso de que considere que la protecci\u00f3n de sus datos personales no ha sido debidamente atendida, le informamos que usted tiene el derecho de acudir ante el Instituto Nacional de Transparencia, Acceso a la Informaci\u00f3n y Protecci\u00f3n de Datos Personales (INAI). Para m\u00e1s informaci\u00f3n consulte su p\u00e1gina de internet: <\/span><b>www.inai.org.mx<\/b><\/p>\n<p><span style=\"font-weight: 400;\">Todo lo anterior, se informa en cumplimiento al articulado establecido dentro del cap\u00edtulo II de la Ley Federal de Protecci\u00f3n de Datos Personales en Posesi\u00f3n de los Particulares.<\/span><\/p>\n","protected":false},"excerpt":{"rendered":"<p>I. IDENTIDAD DEL RESPONSABLE El Instituto Mexicano para la Competitividad, A.C. (IMCO), con domicilio en Avenida Cordillera de los Andes No. 370 PB. Col. Lomas de Chapultepec I secci\u00f3n. Delegaci\u00f3n Miguel Hidalgo. C.P. 11000. CDMX, es el responsable del uso y protecci\u00f3n de sus datos personales, y al respecto le informa lo siguiente: II. FINALIDADES &hellip; <a href=\"https:\/\/imco.org.mx\/en\/aviso-de-privacidad\/\" class=\"more-link\">Continue reading <span class=\"screen-reader-text\">Aviso de privacidad<\/span><\/a><\/p>\n","protected":false},"author":1,"featured_media":0,"parent":0,"menu_order":5,"comment_status":"closed","ping_status":"closed","template":"templates\/template_legal.php","meta":{"inline_featured_image":false,"_monsterinsights_skip_tracking":false,"_monsterinsights_sitenote_active":false,"_monsterinsights_sitenote_note":"","_monsterinsights_sitenote_category":0,"_uf_show_specific_survey":0,"_uf_disable_surveys":false,"footnotes":""},"aioseo_notices":[],"yoast_head":"<!-- This site is optimized with the Yoast SEO plugin v24.3 - https:\/\/yoast.com\/wordpress\/plugins\/seo\/ -->\n<title>Aviso de privacidad - IMCO_en<\/title>\n<meta name=\"robots\" content=\"index, follow, max-snippet:-1, max-image-preview:large, max-video-preview:-1\" \/>\n<link rel=\"canonical\" href=\"https:\/\/imco.org.mx\/en\/aviso-de-privacidad\/\" \/>\n<meta property=\"og:locale\" content=\"en_US\" \/>\n<meta property=\"og:type\" content=\"article\" \/>\n<meta property=\"og:title\" content=\"Aviso de privacidad - IMCO_en\" \/>\n<meta property=\"og:description\" content=\"I. IDENTIDAD DEL RESPONSABLE El Instituto Mexicano para la Competitividad, A.C. (IMCO), con domicilio en Avenida Cordillera de los Andes No. 370 PB. Col. Lomas de Chapultepec I secci\u00f3n. Delegaci\u00f3n Miguel Hidalgo. C.P. 11000. CDMX, es el responsable del uso y protecci\u00f3n de sus datos personales, y al respecto le informa lo siguiente: II. FINALIDADES &hellip; Continue reading Aviso de privacidad\" \/>\n<meta property=\"og:url\" content=\"https:\/\/imco.org.mx\/en\/aviso-de-privacidad\/\" \/>\n<meta property=\"og:site_name\" content=\"IMCO_en\" \/>\n<meta property=\"article:modified_time\" content=\"2022-09-05T16:53:05+00:00\" \/>\n<meta name=\"twitter:card\" content=\"summary_large_image\" \/>\n<meta name=\"twitter:label1\" content=\"Est. reading time\" \/>\n\t<meta name=\"twitter:data1\" content=\"8 minutes\" \/>\n<script type=\"application\/ld+json\" class=\"yoast-schema-graph\">{\"@context\":\"https:\/\/schema.org\",\"@graph\":[{\"@type\":\"WebPage\",\"@id\":\"https:\/\/imco.org.mx\/en\/aviso-de-privacidad\/\",\"url\":\"https:\/\/imco.org.mx\/en\/aviso-de-privacidad\/\",\"name\":\"Aviso de privacidad - IMCO_en\",\"isPartOf\":{\"@id\":\"https:\/\/imco.org.mx\/en\/#website\"},\"datePublished\":\"2019-10-20T00:02:03+00:00\",\"dateModified\":\"2022-09-05T16:53:05+00:00\",\"breadcrumb\":{\"@id\":\"https:\/\/imco.org.mx\/en\/aviso-de-privacidad\/#breadcrumb\"},\"inLanguage\":\"en-US\",\"potentialAction\":[{\"@type\":\"ReadAction\",\"target\":[\"https:\/\/imco.org.mx\/en\/aviso-de-privacidad\/\"]}]},{\"@type\":\"BreadcrumbList\",\"@id\":\"https:\/\/imco.org.mx\/en\/aviso-de-privacidad\/#breadcrumb\",\"itemListElement\":[{\"@type\":\"ListItem\",\"position\":1,\"name\":\"Home\",\"item\":\"https:\/\/imco.org.mx\/en\/\"},{\"@type\":\"ListItem\",\"position\":2,\"name\":\"Aviso de privacidad\"}]},{\"@type\":\"WebSite\",\"@id\":\"https:\/\/imco.org.mx\/en\/#website\",\"url\":\"https:\/\/imco.org.mx\/en\/\",\"name\":\"IMCO_en\",\"description\":\"Instituto Mexicano para la Competitividad A.C.\",\"potentialAction\":[{\"@type\":\"SearchAction\",\"target\":{\"@type\":\"EntryPoint\",\"urlTemplate\":\"https:\/\/imco.org.mx\/en\/?s={search_term_string}\"},\"query-input\":{\"@type\":\"PropertyValueSpecification\",\"valueRequired\":true,\"valueName\":\"search_term_string\"}}],\"inLanguage\":\"en-US\"}]}<\/script>\n<!-- \/ Yoast SEO plugin. -->","yoast_head_json":{"title":"Aviso de privacidad - IMCO_en","robots":{"index":"index","follow":"follow","max-snippet":"max-snippet:-1","max-image-preview":"max-image-preview:large","max-video-preview":"max-video-preview:-1"},"canonical":"https:\/\/imco.org.mx\/en\/aviso-de-privacidad\/","og_locale":"en_US","og_type":"article","og_title":"Aviso de privacidad - IMCO_en","og_description":"I. IDENTIDAD DEL RESPONSABLE El Instituto Mexicano para la Competitividad, A.C. (IMCO), con domicilio en Avenida Cordillera de los Andes No. 370 PB. Col. Lomas de Chapultepec I secci\u00f3n. Delegaci\u00f3n Miguel Hidalgo. C.P. 11000. CDMX, es el responsable del uso y protecci\u00f3n de sus datos personales, y al respecto le informa lo siguiente: II. FINALIDADES &hellip; Continue reading Aviso de privacidad","og_url":"https:\/\/imco.org.mx\/en\/aviso-de-privacidad\/","og_site_name":"IMCO_en","article_modified_time":"2022-09-05T16:53:05+00:00","twitter_card":"summary_large_image","twitter_misc":{"Est. reading time":"8 minutes"},"schema":{"@context":"https:\/\/schema.org","@graph":[{"@type":"WebPage","@id":"https:\/\/imco.org.mx\/en\/aviso-de-privacidad\/","url":"https:\/\/imco.org.mx\/en\/aviso-de-privacidad\/","name":"Aviso de privacidad - IMCO_en","isPartOf":{"@id":"https:\/\/imco.org.mx\/en\/#website"},"datePublished":"2019-10-20T00:02:03+00:00","dateModified":"2022-09-05T16:53:05+00:00","breadcrumb":{"@id":"https:\/\/imco.org.mx\/en\/aviso-de-privacidad\/#breadcrumb"},"inLanguage":"en-US","potentialAction":[{"@type":"ReadAction","target":["https:\/\/imco.org.mx\/en\/aviso-de-privacidad\/"]}]},{"@type":"BreadcrumbList","@id":"https:\/\/imco.org.mx\/en\/aviso-de-privacidad\/#breadcrumb","itemListElement":[{"@type":"ListItem","position":1,"name":"Home","item":"https:\/\/imco.org.mx\/en\/"},{"@type":"ListItem","position":2,"name":"Aviso de privacidad"}]},{"@type":"WebSite","@id":"https:\/\/imco.org.mx\/en\/#website","url":"https:\/\/imco.org.mx\/en\/","name":"IMCO_en","description":"Instituto Mexicano para la Competitividad A.C.","potentialAction":[{"@type":"SearchAction","target":{"@type":"EntryPoint","urlTemplate":"https:\/\/imco.org.mx\/en\/?s={search_term_string}"},"query-input":{"@type":"PropertyValueSpecification","valueRequired":true,"valueName":"search_term_string"}}],"inLanguage":"en-US"}]}},"_links":{"self":[{"href":"https:\/\/imco.org.mx\/en\/wp-json\/wp\/v2\/pages\/59229"}],"collection":[{"href":"https:\/\/imco.org.mx\/en\/wp-json\/wp\/v2\/pages"}],"about":[{"href":"https:\/\/imco.org.mx\/en\/wp-json\/wp\/v2\/types\/page"}],"author":[{"embeddable":true,"href":"https:\/\/imco.org.mx\/en\/wp-json\/wp\/v2\/users\/1"}],"replies":[{"embeddable":true,"href":"https:\/\/imco.org.mx\/en\/wp-json\/wp\/v2\/comments?post=59229"}],"version-history":[{"count":6,"href":"https:\/\/imco.org.mx\/en\/wp-json\/wp\/v2\/pages\/59229\/revisions"}],"predecessor-version":[{"id":75166,"href":"https:\/\/imco.org.mx\/en\/wp-json\/wp\/v2\/pages\/59229\/revisions\/75166"}],"wp:attachment":[{"href":"https:\/\/imco.org.mx\/en\/wp-json\/wp\/v2\/media?parent=59229"}],"curies":[{"name":"wp","href":"https:\/\/api.w.org\/{rel}","templated":true}]}}