{"id":81329,"date":"2022-08-24T12:53:32","date_gmt":"2022-08-24T18:53:32","guid":{"rendered":"https:\/\/imco.org.mx\/en\/?page_id=81329"},"modified":"2023-07-17T13:42:51","modified_gmt":"2023-07-17T19:42:51","slug":"trabaja-con-nosotros","status":"publish","type":"page","link":"https:\/\/imco.org.mx\/en\/trabaja-con-nosotros\/","title":{"rendered":"Trabaja con nosotros"},"content":{"rendered":"<p>Para el IMCO es importante generar, atraer y retener el mejor talento.\u00a0Si quieres mantenerte al tanto de pr\u00f3ximas oportunidades, suscr\u00edbete<span style=\"color: #0000ff;\"><strong> <a style=\"color: #0000ff;\" href=\"https:\/\/cdn.forms-content.sg-form.com\/b14e297b-df16-11e9-b0f8-268d995565b9\">aqu\u00ed<\/a> <\/strong><\/span>a nuestro bolet\u00edn semanal.<\/p>\n","protected":false},"excerpt":{"rendered":"<p>Para el IMCO es importante generar, atraer y retener el mejor talento.\u00a0Si quieres mantenerte al tanto de pr\u00f3ximas oportunidades, suscr\u00edbete aqu\u00ed a nuestro bolet\u00edn semanal.<\/p>\n","protected":false},"author":1,"featured_media":81442,"parent":0,"menu_order":1,"comment_status":"closed","ping_status":"closed","template":"templates\/template_trabajo.php","meta":{"inline_featured_image":false,"_monsterinsights_skip_tracking":false,"_monsterinsights_sitenote_active":false,"_monsterinsights_sitenote_note":"","_monsterinsights_sitenote_category":0,"_uf_show_specific_survey":0,"_uf_disable_surveys":false,"footnotes":""},"aioseo_notices":[],"yoast_head":"<!-- This site is optimized with the Yoast SEO plugin v24.3 - https:\/\/yoast.com\/wordpress\/plugins\/seo\/ -->\n<title>Trabaja con nosotros - IMCO_en<\/title>\n<meta name=\"robots\" content=\"index, follow, max-snippet:-1, max-image-preview:large, max-video-preview:-1\" \/>\n<link rel=\"canonical\" href=\"https:\/\/imco.org.mx\/en\/trabaja-con-nosotros\/\" \/>\n<meta property=\"og:locale\" content=\"en_US\" \/>\n<meta property=\"og:type\" content=\"article\" \/>\n<meta property=\"og:title\" content=\"Trabaja con nosotros - IMCO_en\" \/>\n<meta property=\"og:description\" content=\"Para el IMCO es importante generar, atraer y retener el mejor talento.\u00a0Si quieres mantenerte al tanto de pr\u00f3ximas oportunidades, suscr\u00edbete aqu\u00ed a nuestro bolet\u00edn semanal.\" \/>\n<meta property=\"og:url\" content=\"https:\/\/imco.org.mx\/en\/trabaja-con-nosotros\/\" \/>\n<meta property=\"og:site_name\" content=\"IMCO_en\" \/>\n<meta property=\"article:modified_time\" content=\"2023-07-17T19:42:51+00:00\" \/>\n<meta name=\"twitter:card\" content=\"summary_large_image\" \/>\n<script type=\"application\/ld+json\" class=\"yoast-schema-graph\">{\"@context\":\"https:\/\/schema.org\",\"@graph\":[{\"@type\":\"WebPage\",\"@id\":\"https:\/\/imco.org.mx\/en\/trabaja-con-nosotros\/\",\"url\":\"https:\/\/imco.org.mx\/en\/trabaja-con-nosotros\/\",\"name\":\"Trabaja con nosotros - IMCO_en\",\"isPartOf\":{\"@id\":\"https:\/\/imco.org.mx\/en\/#website\"},\"primaryImageOfPage\":{\"@id\":\"https:\/\/imco.org.mx\/en\/trabaja-con-nosotros\/#primaryimage\"},\"image\":{\"@id\":\"https:\/\/imco.org.mx\/en\/trabaja-con-nosotros\/#primaryimage\"},\"thumbnailUrl\":\"\",\"datePublished\":\"2022-08-24T18:53:32+00:00\",\"dateModified\":\"2023-07-17T19:42:51+00:00\",\"breadcrumb\":{\"@id\":\"https:\/\/imco.org.mx\/en\/trabaja-con-nosotros\/#breadcrumb\"},\"inLanguage\":\"en-US\",\"potentialAction\":[{\"@type\":\"ReadAction\",\"target\":[\"https:\/\/imco.org.mx\/en\/trabaja-con-nosotros\/\"]}]},{\"@type\":\"ImageObject\",\"inLanguage\":\"en-US\",\"@id\":\"https:\/\/imco.org.mx\/en\/trabaja-con-nosotros\/#primaryimage\",\"url\":\"\",\"contentUrl\":\"\",\"width\":764,\"height\":426},{\"@type\":\"BreadcrumbList\",\"@id\":\"https:\/\/imco.org.mx\/en\/trabaja-con-nosotros\/#breadcrumb\",\"itemListElement\":[{\"@type\":\"ListItem\",\"position\":1,\"name\":\"Home\",\"item\":\"https:\/\/imco.org.mx\/en\/\"},{\"@type\":\"ListItem\",\"position\":2,\"name\":\"Trabaja con nosotros\"}]},{\"@type\":\"WebSite\",\"@id\":\"https:\/\/imco.org.mx\/en\/#website\",\"url\":\"https:\/\/imco.org.mx\/en\/\",\"name\":\"IMCO_en\",\"description\":\"Instituto Mexicano para la Competitividad A.C.\",\"potentialAction\":[{\"@type\":\"SearchAction\",\"target\":{\"@type\":\"EntryPoint\",\"urlTemplate\":\"https:\/\/imco.org.mx\/en\/?s={search_term_string}\"},\"query-input\":{\"@type\":\"PropertyValueSpecification\",\"valueRequired\":true,\"valueName\":\"search_term_string\"}}],\"inLanguage\":\"en-US\"}]}<\/script>\n<!-- \/ Yoast SEO plugin. -->","yoast_head_json":{"title":"Trabaja con nosotros - IMCO_en","robots":{"index":"index","follow":"follow","max-snippet":"max-snippet:-1","max-image-preview":"max-image-preview:large","max-video-preview":"max-video-preview:-1"},"canonical":"https:\/\/imco.org.mx\/en\/trabaja-con-nosotros\/","og_locale":"en_US","og_type":"article","og_title":"Trabaja con nosotros - IMCO_en","og_description":"Para el IMCO es importante generar, atraer y retener el mejor talento.\u00a0Si quieres mantenerte al tanto de pr\u00f3ximas oportunidades, suscr\u00edbete aqu\u00ed a nuestro bolet\u00edn semanal.","og_url":"https:\/\/imco.org.mx\/en\/trabaja-con-nosotros\/","og_site_name":"IMCO_en","article_modified_time":"2023-07-17T19:42:51+00:00","twitter_card":"summary_large_image","schema":{"@context":"https:\/\/schema.org","@graph":[{"@type":"WebPage","@id":"https:\/\/imco.org.mx\/en\/trabaja-con-nosotros\/","url":"https:\/\/imco.org.mx\/en\/trabaja-con-nosotros\/","name":"Trabaja con nosotros - IMCO_en","isPartOf":{"@id":"https:\/\/imco.org.mx\/en\/#website"},"primaryImageOfPage":{"@id":"https:\/\/imco.org.mx\/en\/trabaja-con-nosotros\/#primaryimage"},"image":{"@id":"https:\/\/imco.org.mx\/en\/trabaja-con-nosotros\/#primaryimage"},"thumbnailUrl":"","datePublished":"2022-08-24T18:53:32+00:00","dateModified":"2023-07-17T19:42:51+00:00","breadcrumb":{"@id":"https:\/\/imco.org.mx\/en\/trabaja-con-nosotros\/#breadcrumb"},"inLanguage":"en-US","potentialAction":[{"@type":"ReadAction","target":["https:\/\/imco.org.mx\/en\/trabaja-con-nosotros\/"]}]},{"@type":"ImageObject","inLanguage":"en-US","@id":"https:\/\/imco.org.mx\/en\/trabaja-con-nosotros\/#primaryimage","url":"","contentUrl":"","width":764,"height":426},{"@type":"BreadcrumbList","@id":"https:\/\/imco.org.mx\/en\/trabaja-con-nosotros\/#breadcrumb","itemListElement":[{"@type":"ListItem","position":1,"name":"Home","item":"https:\/\/imco.org.mx\/en\/"},{"@type":"ListItem","position":2,"name":"Trabaja con nosotros"}]},{"@type":"WebSite","@id":"https:\/\/imco.org.mx\/en\/#website","url":"https:\/\/imco.org.mx\/en\/","name":"IMCO_en","description":"Instituto Mexicano para la Competitividad A.C.","potentialAction":[{"@type":"SearchAction","target":{"@type":"EntryPoint","urlTemplate":"https:\/\/imco.org.mx\/en\/?s={search_term_string}"},"query-input":{"@type":"PropertyValueSpecification","valueRequired":true,"valueName":"search_term_string"}}],"inLanguage":"en-US"}]}},"_links":{"self":[{"href":"https:\/\/imco.org.mx\/en\/wp-json\/wp\/v2\/pages\/81329"}],"collection":[{"href":"https:\/\/imco.org.mx\/en\/wp-json\/wp\/v2\/pages"}],"about":[{"href":"https:\/\/imco.org.mx\/en\/wp-json\/wp\/v2\/types\/page"}],"author":[{"embeddable":true,"href":"https:\/\/imco.org.mx\/en\/wp-json\/wp\/v2\/users\/1"}],"replies":[{"embeddable":true,"href":"https:\/\/imco.org.mx\/en\/wp-json\/wp\/v2\/comments?post=81329"}],"version-history":[{"count":28,"href":"https:\/\/imco.org.mx\/en\/wp-json\/wp\/v2\/pages\/81329\/revisions"}],"predecessor-version":[{"id":81444,"href":"https:\/\/imco.org.mx\/en\/wp-json\/wp\/v2\/pages\/81329\/revisions\/81444"}],"wp:featuredmedia":[{"embeddable":true,"href":"https:\/\/imco.org.mx\/en\/wp-json\/"}],"wp:attachment":[{"href":"https:\/\/imco.org.mx\/en\/wp-json\/wp\/v2\/media?parent=81329"}],"curies":[{"name":"wp","href":"https:\/\/api.w.org\/{rel}","templated":true}]}}