{"id":653,"date":"2022-04-07T10:21:26","date_gmt":"2022-04-07T16:21:26","guid":{"rendered":"https:\/\/imco.org.mx\/justiciapenal\/blog\/?page_id=653"},"modified":"2022-04-07T10:21:26","modified_gmt":"2022-04-07T16:21:26","slug":"home","status":"publish","type":"page","link":"https:\/\/imco.org.mx\/justiciapenal\/blog\/","title":{"rendered":"Home"},"content":{"rendered":"\n<div class=\"row\" style=\"background-color: #e1e2e3;\">\n<div class=\"six columns\">\n<h2 style=\"margin: 0; color: white; background-color: #ea5350; text-align: center;\">\u00bfQu\u00e9 es justicia penal?<\/h2>\n<div class=\"videoWrapper\"><iframe loading=\"lazy\" src=\"https:\/\/www.youtube.com\/embed\/ouYJsy4_jdA\" width=\"560\" height=\"349\" frameborder=\"0\" allowfullscreen=\"allowfullscreen\"><\/iframe><\/div>\n<div style=\"background-color: gray; color: white; padding: 0.25rem; font-size: 1.125rem;\">Una justicia penal eficiente y transparente hace que el sistema beneficie a los estados y a los ciudadanos.<\/div>\n<\/div>\n<div class=\"six columns\">\n<h2 style=\"margin: 0; color: white; background-color: #ea5350; text-align: center;\">Fichas por estado<\/h2>\n<figure><a href=\"\/justiciapenal\/#!\/indice\"><img loading=\"lazy\" class=\"aligncenter size-full wp-image-261 u-max-full-width\" src=\"http:\/\/imco.org.mx\/justiciapenal\/blog\/wp-content\/uploads\/2016\/10\/imagen-fichasporestado.png\" alt=\"banner-fichas\" width=\"100%\" height=\"auto\" srcset=\"https:\/\/imco.org.mx\/justiciapenal\/blog\/wp-content\/uploads\/2016\/10\/imagen-fichasporestado.png 440w, https:\/\/imco.org.mx\/justiciapenal\/blog\/wp-content\/uploads\/2016\/10\/imagen-fichasporestado-300x205.png 300w, https:\/\/imco.org.mx\/justiciapenal\/blog\/wp-content\/uploads\/2016\/10\/imagen-fichasporestado-210x143.png 210w, https:\/\/imco.org.mx\/justiciapenal\/blog\/wp-content\/uploads\/2016\/10\/imagen-fichasporestado-375x256.png 375w\" sizes=\"(max-width: 440px) 100vw, 440px\" \/><\/a><\/figure><p style=\"margin: 0;\"><\/p>\n<div style=\"background-color: gray; color: white; padding: 0.25rem; font-size: 1.125rem;\">En esta secci\u00f3n podr\u00e1s observar y comparar los presupuestos y la percepci\u00f3n del sistema penal en los estados.<\/div>\n<\/div>\n<\/div>\n","protected":false},"excerpt":{"rendered":"<p>\u00bfQu\u00e9 es justicia penal? Una justicia penal eficiente y transparente hace que el sistema beneficie a los estados y a los ciudadanos. Fichas por estado En esta secci\u00f3n podr\u00e1s observar y comparar los presupuestos y la percepci\u00f3n del sistema penal en los estados.<\/p>\n","protected":false},"author":1,"featured_media":0,"parent":0,"menu_order":0,"comment_status":"closed","ping_status":"closed","template":"","meta":[],"_links":{"self":[{"href":"https:\/\/imco.org.mx\/justiciapenal\/blog\/wp-json\/wp\/v2\/pages\/653"}],"collection":[{"href":"https:\/\/imco.org.mx\/justiciapenal\/blog\/wp-json\/wp\/v2\/pages"}],"about":[{"href":"https:\/\/imco.org.mx\/justiciapenal\/blog\/wp-json\/wp\/v2\/types\/page"}],"author":[{"embeddable":true,"href":"https:\/\/imco.org.mx\/justiciapenal\/blog\/wp-json\/wp\/v2\/users\/1"}],"replies":[{"embeddable":true,"href":"https:\/\/imco.org.mx\/justiciapenal\/blog\/wp-json\/wp\/v2\/comments?post=653"}],"version-history":[{"count":1,"href":"https:\/\/imco.org.mx\/justiciapenal\/blog\/wp-json\/wp\/v2\/pages\/653\/revisions"}],"predecessor-version":[{"id":654,"href":"https:\/\/imco.org.mx\/justiciapenal\/blog\/wp-json\/wp\/v2\/pages\/653\/revisions\/654"}],"wp:attachment":[{"href":"https:\/\/imco.org.mx\/justiciapenal\/blog\/wp-json\/wp\/v2\/media?parent=653"}],"curies":[{"name":"wp","href":"https:\/\/api.w.org\/{rel}","templated":true}]}}