{"id":74198,"date":"2020-10-09T20:06:21","date_gmt":"2020-10-09T20:06:21","guid":{"rendered":"http:\/\/imco.org.mx\/monitor\/?page_id=74198"},"modified":"2026-02-20T15:19:46","modified_gmt":"2026-02-20T21:19:46","slug":"mujeres-en-la-economia","status":"publish","type":"page","link":"https:\/\/imco.org.mx\/monitor\/mujeres-en-la-economia\/","title":{"rendered":"Mujeres en la econom\u00eda"},"content":{"rendered":"<p><iframe src=\"https:\/\/mujeres-jovenes.vercel.app\/\" loading=\"lazy\"><\/iframe><\/p>\n","protected":false},"excerpt":{"rendered":"","protected":false},"author":1,"featured_media":75002,"parent":0,"menu_order":0,"comment_status":"closed","ping_status":"closed","template":"templates\/template_Monitor_kikv3.php","meta":{"inline_featured_image":false,"_monsterinsights_skip_tracking":false,"_monsterinsights_sitenote_active":false,"_monsterinsights_sitenote_note":"","_monsterinsights_sitenote_category":0,"footnotes":""},"class_list":["post-74198","page","type-page","status-publish","has-post-thumbnail","hentry"],"yoast_head":"<!-- This site is optimized with the Yoast SEO plugin v25.9 - https:\/\/yoast.com\/wordpress\/plugins\/seo\/ -->\n<title>Mujeres en la econom\u00eda - Monitor<\/title>\n<meta name=\"description\" content=\"El monitor de mujer en la econom\u00eda del IMCO contiene indicadores para conocer el contexto de las mujeres en el mercado laboral.\" \/>\n<meta name=\"robots\" content=\"index, follow, max-snippet:-1, max-image-preview:large, max-video-preview:-1\" \/>\n<link rel=\"canonical\" href=\"https:\/\/imco.org.mx\/monitor\/mujeres-en-la-economia\/\" \/>\n<meta property=\"og:locale\" content=\"es_MX\" \/>\n<meta property=\"og:type\" content=\"article\" \/>\n<meta property=\"og:title\" content=\"Monitor Mujer en la econom\u00eda - IMCO\" \/>\n<meta property=\"og:description\" content=\"Incluir a m\u00e1s mujeres j\u00f3venes en la educaci\u00f3n y en el mercado laboral es impulsar el desarrollo econ\u00f3mico y social de la Ciudad de M\u00e9xico.\" \/>\n<meta property=\"og:url\" content=\"https:\/\/imco.org.mx\/monitor\/mujeres-en-la-economia\/\" \/>\n<meta property=\"og:site_name\" content=\"Monitor\" \/>\n<meta property=\"article:modified_time\" content=\"2026-02-20T21:19:46+00:00\" \/>\n<meta property=\"og:image\" content=\"https:\/\/imco.org.mx\/monitor\/wp-content\/uploads\/2026\/02\/WhatsApp-Image-2026-02-20-at-3.18.45-PM.jpeg\" \/>\n\t<meta property=\"og:image:width\" content=\"1200\" \/>\n\t<meta property=\"og:image:height\" content=\"826\" \/>\n\t<meta property=\"og:image:type\" content=\"image\/jpeg\" \/>\n<meta name=\"twitter:card\" content=\"summary_large_image\" \/>\n<meta name=\"twitter:title\" content=\"Monitor Mujer en la econom\u00eda - IMCO\" \/>\n<meta name=\"twitter:description\" content=\"Incluir a m\u00e1s mujeres j\u00f3venes en la educaci\u00f3n y en el mercado laboral es impulsar el desarrollo econ\u00f3mico y social de la Ciudad de M\u00e9xico.\" \/>\n<meta name=\"twitter:image\" content=\"https:\/\/imco.org.mx\/monitor\/wp-content\/uploads\/2026\/02\/WhatsApp-Image-2026-02-20-at-3.18.45-PM.jpeg\" \/>\n<script type=\"application\/ld+json\" class=\"yoast-schema-graph\">{\"@context\":\"https:\/\/schema.org\",\"@graph\":[{\"@type\":\"WebPage\",\"@id\":\"https:\/\/imco.org.mx\/monitor\/mujeres-en-la-economia\/\",\"url\":\"https:\/\/imco.org.mx\/monitor\/mujeres-en-la-economia\/\",\"name\":\"Mujeres en la econom\u00eda - Monitor\",\"isPartOf\":{\"@id\":\"https:\/\/imco.org.mx\/monitor\/#website\"},\"primaryImageOfPage\":{\"@id\":\"https:\/\/imco.org.mx\/monitor\/mujeres-en-la-economia\/#primaryimage\"},\"image\":{\"@id\":\"https:\/\/imco.org.mx\/monitor\/mujeres-en-la-economia\/#primaryimage\"},\"thumbnailUrl\":\"https:\/\/imco.org.mx\/monitor\/wp-content\/uploads\/2026\/02\/WhatsApp-Image-2026-02-20-at-3.18.45-PM.jpeg\",\"datePublished\":\"2020-10-09T20:06:21+00:00\",\"dateModified\":\"2026-02-20T21:19:46+00:00\",\"description\":\"El monitor de mujer en la econom\u00eda del IMCO contiene indicadores para conocer el contexto de las mujeres en el mercado laboral.\",\"breadcrumb\":{\"@id\":\"https:\/\/imco.org.mx\/monitor\/mujeres-en-la-economia\/#breadcrumb\"},\"inLanguage\":\"es\",\"potentialAction\":[{\"@type\":\"ReadAction\",\"target\":[\"https:\/\/imco.org.mx\/monitor\/mujeres-en-la-economia\/\"]}]},{\"@type\":\"ImageObject\",\"inLanguage\":\"es\",\"@id\":\"https:\/\/imco.org.mx\/monitor\/mujeres-en-la-economia\/#primaryimage\",\"url\":\"https:\/\/imco.org.mx\/monitor\/wp-content\/uploads\/2026\/02\/WhatsApp-Image-2026-02-20-at-3.18.45-PM.jpeg\",\"contentUrl\":\"https:\/\/imco.org.mx\/monitor\/wp-content\/uploads\/2026\/02\/WhatsApp-Image-2026-02-20-at-3.18.45-PM.jpeg\",\"width\":1200,\"height\":826},{\"@type\":\"BreadcrumbList\",\"@id\":\"https:\/\/imco.org.mx\/monitor\/mujeres-en-la-economia\/#breadcrumb\",\"itemListElement\":[{\"@type\":\"ListItem\",\"position\":1,\"name\":\"Inicio\",\"item\":\"https:\/\/imco.org.mx\/monitor\/\"},{\"@type\":\"ListItem\",\"position\":2,\"name\":\"Mujeres en la econom\u00eda\"}]},{\"@type\":\"WebSite\",\"@id\":\"https:\/\/imco.org.mx\/monitor\/#website\",\"url\":\"https:\/\/imco.org.mx\/monitor\/\",\"name\":\"Monitor\",\"description\":\"Monitor de competitividad - IMCO\",\"potentialAction\":[{\"@type\":\"SearchAction\",\"target\":{\"@type\":\"EntryPoint\",\"urlTemplate\":\"https:\/\/imco.org.mx\/monitor\/?s={search_term_string}\"},\"query-input\":{\"@type\":\"PropertyValueSpecification\",\"valueRequired\":true,\"valueName\":\"search_term_string\"}}],\"inLanguage\":\"es\"},{\"@type\":\"Person\",\"@id\":\"https:\/\/imco.org.mx\/monitor\/#\/schema\/person\/6730ed46e6864347142dea559c669d19\",\"name\":\"graficosimco\",\"image\":{\"@type\":\"ImageObject\",\"inLanguage\":\"es\",\"@id\":\"https:\/\/imco.org.mx\/monitor\/#\/schema\/person\/image\/\",\"url\":\"https:\/\/secure.gravatar.com\/avatar\/7a9bcfa5308f3bc5c466a6730eddf30f?s=96&d=mm&r=g\",\"contentUrl\":\"https:\/\/secure.gravatar.com\/avatar\/7a9bcfa5308f3bc5c466a6730eddf30f?s=96&d=mm&r=g\",\"caption\":\"graficosimco\"},\"sameAs\":[\"https:\/\/imco.org.mx\/graficos\"],\"url\":\"https:\/\/imco.org.mx\/monitor\/author\/graficosimco\/\"}]}<\/script>\n<!-- \/ Yoast SEO plugin. -->","yoast_head_json":{"title":"Mujeres en la econom\u00eda - Monitor","description":"El monitor de mujer en la econom\u00eda del IMCO contiene indicadores para conocer el contexto de las mujeres en el mercado laboral.","robots":{"index":"index","follow":"follow","max-snippet":"max-snippet:-1","max-image-preview":"max-image-preview:large","max-video-preview":"max-video-preview:-1"},"canonical":"https:\/\/imco.org.mx\/monitor\/mujeres-en-la-economia\/","og_locale":"es_MX","og_type":"article","og_title":"Monitor Mujer en la econom\u00eda - IMCO","og_description":"Incluir a m\u00e1s mujeres j\u00f3venes en la educaci\u00f3n y en el mercado laboral es impulsar el desarrollo econ\u00f3mico y social de la Ciudad de M\u00e9xico.","og_url":"https:\/\/imco.org.mx\/monitor\/mujeres-en-la-economia\/","og_site_name":"Monitor","article_modified_time":"2026-02-20T21:19:46+00:00","og_image":[{"width":1200,"height":826,"url":"https:\/\/imco.org.mx\/monitor\/wp-content\/uploads\/2026\/02\/WhatsApp-Image-2026-02-20-at-3.18.45-PM.jpeg","type":"image\/jpeg"}],"twitter_card":"summary_large_image","twitter_title":"Monitor Mujer en la econom\u00eda - IMCO","twitter_description":"Incluir a m\u00e1s mujeres j\u00f3venes en la educaci\u00f3n y en el mercado laboral es impulsar el desarrollo econ\u00f3mico y social de la Ciudad de M\u00e9xico.","twitter_image":"https:\/\/imco.org.mx\/monitor\/wp-content\/uploads\/2026\/02\/WhatsApp-Image-2026-02-20-at-3.18.45-PM.jpeg","schema":{"@context":"https:\/\/schema.org","@graph":[{"@type":"WebPage","@id":"https:\/\/imco.org.mx\/monitor\/mujeres-en-la-economia\/","url":"https:\/\/imco.org.mx\/monitor\/mujeres-en-la-economia\/","name":"Mujeres en la econom\u00eda - Monitor","isPartOf":{"@id":"https:\/\/imco.org.mx\/monitor\/#website"},"primaryImageOfPage":{"@id":"https:\/\/imco.org.mx\/monitor\/mujeres-en-la-economia\/#primaryimage"},"image":{"@id":"https:\/\/imco.org.mx\/monitor\/mujeres-en-la-economia\/#primaryimage"},"thumbnailUrl":"https:\/\/imco.org.mx\/monitor\/wp-content\/uploads\/2026\/02\/WhatsApp-Image-2026-02-20-at-3.18.45-PM.jpeg","datePublished":"2020-10-09T20:06:21+00:00","dateModified":"2026-02-20T21:19:46+00:00","description":"El monitor de mujer en la econom\u00eda del IMCO contiene indicadores para conocer el contexto de las mujeres en el mercado laboral.","breadcrumb":{"@id":"https:\/\/imco.org.mx\/monitor\/mujeres-en-la-economia\/#breadcrumb"},"inLanguage":"es","potentialAction":[{"@type":"ReadAction","target":["https:\/\/imco.org.mx\/monitor\/mujeres-en-la-economia\/"]}]},{"@type":"ImageObject","inLanguage":"es","@id":"https:\/\/imco.org.mx\/monitor\/mujeres-en-la-economia\/#primaryimage","url":"https:\/\/imco.org.mx\/monitor\/wp-content\/uploads\/2026\/02\/WhatsApp-Image-2026-02-20-at-3.18.45-PM.jpeg","contentUrl":"https:\/\/imco.org.mx\/monitor\/wp-content\/uploads\/2026\/02\/WhatsApp-Image-2026-02-20-at-3.18.45-PM.jpeg","width":1200,"height":826},{"@type":"BreadcrumbList","@id":"https:\/\/imco.org.mx\/monitor\/mujeres-en-la-economia\/#breadcrumb","itemListElement":[{"@type":"ListItem","position":1,"name":"Inicio","item":"https:\/\/imco.org.mx\/monitor\/"},{"@type":"ListItem","position":2,"name":"Mujeres en la econom\u00eda"}]},{"@type":"WebSite","@id":"https:\/\/imco.org.mx\/monitor\/#website","url":"https:\/\/imco.org.mx\/monitor\/","name":"Monitor","description":"Monitor de competitividad - IMCO","potentialAction":[{"@type":"SearchAction","target":{"@type":"EntryPoint","urlTemplate":"https:\/\/imco.org.mx\/monitor\/?s={search_term_string}"},"query-input":{"@type":"PropertyValueSpecification","valueRequired":true,"valueName":"search_term_string"}}],"inLanguage":"es"},{"@type":"Person","@id":"https:\/\/imco.org.mx\/monitor\/#\/schema\/person\/6730ed46e6864347142dea559c669d19","name":"graficosimco","image":{"@type":"ImageObject","inLanguage":"es","@id":"https:\/\/imco.org.mx\/monitor\/#\/schema\/person\/image\/","url":"https:\/\/secure.gravatar.com\/avatar\/7a9bcfa5308f3bc5c466a6730eddf30f?s=96&d=mm&r=g","contentUrl":"https:\/\/secure.gravatar.com\/avatar\/7a9bcfa5308f3bc5c466a6730eddf30f?s=96&d=mm&r=g","caption":"graficosimco"},"sameAs":["https:\/\/imco.org.mx\/graficos"],"url":"https:\/\/imco.org.mx\/monitor\/author\/graficosimco\/"}]}},"_links":{"self":[{"href":"https:\/\/imco.org.mx\/monitor\/wp-json\/wp\/v2\/pages\/74198","targetHints":{"allow":["GET"]}}],"collection":[{"href":"https:\/\/imco.org.mx\/monitor\/wp-json\/wp\/v2\/pages"}],"about":[{"href":"https:\/\/imco.org.mx\/monitor\/wp-json\/wp\/v2\/types\/page"}],"author":[{"embeddable":true,"href":"https:\/\/imco.org.mx\/monitor\/wp-json\/wp\/v2\/users\/1"}],"replies":[{"embeddable":true,"href":"https:\/\/imco.org.mx\/monitor\/wp-json\/wp\/v2\/comments?post=74198"}],"version-history":[{"count":68,"href":"https:\/\/imco.org.mx\/monitor\/wp-json\/wp\/v2\/pages\/74198\/revisions"}],"predecessor-version":[{"id":74997,"href":"https:\/\/imco.org.mx\/monitor\/wp-json\/wp\/v2\/pages\/74198\/revisions\/74997"}],"wp:featuredmedia":[{"embeddable":true,"href":"https:\/\/imco.org.mx\/monitor\/wp-json\/wp\/v2\/media\/75002"}],"wp:attachment":[{"href":"https:\/\/imco.org.mx\/monitor\/wp-json\/wp\/v2\/media?parent=74198"}],"curies":[{"name":"wp","href":"https:\/\/api.w.org\/{rel}","templated":true}]}}