{"id":74796,"date":"2022-01-27T18:52:59","date_gmt":"2022-01-28T00:52:59","guid":{"rendered":"https:\/\/imco.org.mx\/monitor\/?page_id=74796"},"modified":"2025-07-28T13:14:38","modified_gmt":"2025-07-28T18:14:38","slug":"energia","status":"publish","type":"page","link":"https:\/\/imco.org.mx\/monitor\/energia\/","title":{"rendered":"Energ\u00eda"},"content":{"rendered":"\r\n<div class=\"google-data-studio-big\">\r\n<p style=\"text-align: center;\"><iframe loading=\"lazy\" style=\"border: 0;\" src=\"https:\/\/lookerstudio.google.com\/embed\/reporting\/9c9676b5-3dd9-40c0-9be8-8db5b95b7f0d\/page\/p_itgo84yxsc=en\" width=\"600\" height=\"450\" frameborder=\"0\" allowfullscreen=\"allowfullscreen\"><\/iframe><\/p>\r\n<\/div>\r\n\r\n\r\n\r\n<div class=\"movil\"><iframe loading=\"lazy\" style=\"border: 0;\" src=\"https:\/\/lookerstudio.google.com\/embed\/reporting\/9c9676b5-3dd9-40c0-9be8-8db5b95b7f0d\/page\/p_itgo84yxsc=en\" width=\"393\" height=\"2000\" frameborder=\"0\" allowfullscreen=\"allowfullscreen\"><\/iframe><\/div>\r\n\r\n<p>&nbsp;<\/p>","protected":false},"excerpt":{"rendered":"<p>&nbsp;<\/p>\n","protected":false},"author":1,"featured_media":74935,"parent":0,"menu_order":0,"comment_status":"closed","ping_status":"closed","template":"templates\/template_hybrid.php","meta":{"inline_featured_image":false,"_monsterinsights_skip_tracking":false,"_monsterinsights_sitenote_active":false,"_monsterinsights_sitenote_note":"","_monsterinsights_sitenote_category":0,"footnotes":""},"class_list":["post-74796","page","type-page","status-publish","has-post-thumbnail","hentry"],"yoast_head":"<!-- This site is optimized with the Yoast SEO plugin v25.9 - https:\/\/yoast.com\/wordpress\/plugins\/seo\/ -->\n<title>Energ\u00eda - Monitor<\/title>\n<meta name=\"description\" content=\"El Monitor de Energ\u00eda ofrece informaci\u00f3n actualizada proveniente de fuentes oficiales actualizada sobre la evoluci\u00f3n del mercado energ\u00e9tico\" \/>\n<meta name=\"robots\" content=\"index, follow, max-snippet:-1, max-image-preview:large, max-video-preview:-1\" \/>\n<link rel=\"canonical\" href=\"https:\/\/imco.org.mx\/monitor\/energia\/\" \/>\n<meta property=\"og:locale\" content=\"es_MX\" \/>\n<meta property=\"og:type\" content=\"article\" \/>\n<meta property=\"og:title\" content=\"Monitor de energ\u00eda\" \/>\n<meta property=\"og:description\" content=\"El Monitor de Energ\u00eda del IMCO es una herramienta que ofrece informaci\u00f3n actualizada proveniente de fuentes oficiales actualizada y en series de tiempo sobre la evoluci\u00f3n del mercado energ\u00e9tico que permite una mejor toma de decisiones.\" \/>\n<meta property=\"og:url\" content=\"https:\/\/imco.org.mx\/monitor\/energia\/\" \/>\n<meta property=\"og:site_name\" content=\"Monitor\" \/>\n<meta property=\"article:modified_time\" content=\"2025-07-28T18:14:38+00:00\" \/>\n<meta property=\"og:image\" content=\"https:\/\/imco.org.mx\/monitor\/wp-content\/uploads\/2022\/04\/miniatura_energia.png\" \/>\n\t<meta property=\"og:image:width\" content=\"1402\" \/>\n\t<meta property=\"og:image:height\" content=\"803\" \/>\n\t<meta property=\"og:image:type\" content=\"image\/png\" \/>\n<meta name=\"twitter:card\" content=\"summary_large_image\" \/>\n<meta name=\"twitter:title\" content=\"Monitor de Energ\u00eda\" \/>\n<meta name=\"twitter:description\" content=\"El Monitor de Energ\u00eda del IMCO es una herramienta que ofrece informaci\u00f3n actualizada proveniente de fuentes oficiales actualizada y en series de tiempo sobre la evoluci\u00f3n del mercado energ\u00e9tico que permite una mejor toma de decisiones.\" \/>\n<meta name=\"twitter:image\" content=\"https:\/\/imco.org.mx\/monitor\/wp-content\/uploads\/2025\/03\/WhatsApp-Image-2025-02-18-at-5.02.53-PM.jpeg\" \/>\n<script type=\"application\/ld+json\" class=\"yoast-schema-graph\">{\"@context\":\"https:\/\/schema.org\",\"@graph\":[{\"@type\":\"WebPage\",\"@id\":\"https:\/\/imco.org.mx\/monitor\/energia\/\",\"url\":\"https:\/\/imco.org.mx\/monitor\/energia\/\",\"name\":\"Energ\u00eda - Monitor\",\"isPartOf\":{\"@id\":\"https:\/\/imco.org.mx\/monitor\/#website\"},\"primaryImageOfPage\":{\"@id\":\"https:\/\/imco.org.mx\/monitor\/energia\/#primaryimage\"},\"image\":{\"@id\":\"https:\/\/imco.org.mx\/monitor\/energia\/#primaryimage\"},\"thumbnailUrl\":\"https:\/\/imco.org.mx\/monitor\/wp-content\/uploads\/2025\/03\/WhatsApp-Image-2025-02-18-at-5.02.53-PM.jpeg\",\"datePublished\":\"2022-01-28T00:52:59+00:00\",\"dateModified\":\"2025-07-28T18:14:38+00:00\",\"description\":\"El Monitor de Energ\u00eda ofrece informaci\u00f3n actualizada proveniente de fuentes oficiales actualizada sobre la evoluci\u00f3n del mercado energ\u00e9tico\",\"breadcrumb\":{\"@id\":\"https:\/\/imco.org.mx\/monitor\/energia\/#breadcrumb\"},\"inLanguage\":\"es\",\"potentialAction\":[{\"@type\":\"ReadAction\",\"target\":[\"https:\/\/imco.org.mx\/monitor\/energia\/\"]}]},{\"@type\":\"ImageObject\",\"inLanguage\":\"es\",\"@id\":\"https:\/\/imco.org.mx\/monitor\/energia\/#primaryimage\",\"url\":\"https:\/\/imco.org.mx\/monitor\/wp-content\/uploads\/2025\/03\/WhatsApp-Image-2025-02-18-at-5.02.53-PM.jpeg\",\"contentUrl\":\"https:\/\/imco.org.mx\/monitor\/wp-content\/uploads\/2025\/03\/WhatsApp-Image-2025-02-18-at-5.02.53-PM.jpeg\",\"width\":1280,\"height\":1146},{\"@type\":\"BreadcrumbList\",\"@id\":\"https:\/\/imco.org.mx\/monitor\/energia\/#breadcrumb\",\"itemListElement\":[{\"@type\":\"ListItem\",\"position\":1,\"name\":\"Inicio\",\"item\":\"https:\/\/imco.org.mx\/monitor\/\"},{\"@type\":\"ListItem\",\"position\":2,\"name\":\"Energ\u00eda\"}]},{\"@type\":\"WebSite\",\"@id\":\"https:\/\/imco.org.mx\/monitor\/#website\",\"url\":\"https:\/\/imco.org.mx\/monitor\/\",\"name\":\"Monitor\",\"description\":\"Monitor de competitividad - IMCO\",\"potentialAction\":[{\"@type\":\"SearchAction\",\"target\":{\"@type\":\"EntryPoint\",\"urlTemplate\":\"https:\/\/imco.org.mx\/monitor\/?s={search_term_string}\"},\"query-input\":{\"@type\":\"PropertyValueSpecification\",\"valueRequired\":true,\"valueName\":\"search_term_string\"}}],\"inLanguage\":\"es\"}]}<\/script>\n<!-- \/ Yoast SEO plugin. -->","yoast_head_json":{"title":"Energ\u00eda - Monitor","description":"El Monitor de Energ\u00eda ofrece informaci\u00f3n actualizada proveniente de fuentes oficiales actualizada sobre la evoluci\u00f3n del mercado energ\u00e9tico","robots":{"index":"index","follow":"follow","max-snippet":"max-snippet:-1","max-image-preview":"max-image-preview:large","max-video-preview":"max-video-preview:-1"},"canonical":"https:\/\/imco.org.mx\/monitor\/energia\/","og_locale":"es_MX","og_type":"article","og_title":"Monitor de energ\u00eda","og_description":"El Monitor de Energ\u00eda del IMCO es una herramienta que ofrece informaci\u00f3n actualizada proveniente de fuentes oficiales actualizada y en series de tiempo sobre la evoluci\u00f3n del mercado energ\u00e9tico que permite una mejor toma de decisiones.","og_url":"https:\/\/imco.org.mx\/monitor\/energia\/","og_site_name":"Monitor","article_modified_time":"2025-07-28T18:14:38+00:00","og_image":[{"width":1402,"height":803,"url":"https:\/\/imco.org.mx\/monitor\/wp-content\/uploads\/2022\/04\/miniatura_energia.png","type":"image\/png"}],"twitter_card":"summary_large_image","twitter_title":"Monitor de Energ\u00eda","twitter_description":"El Monitor de Energ\u00eda del IMCO es una herramienta que ofrece informaci\u00f3n actualizada proveniente de fuentes oficiales actualizada y en series de tiempo sobre la evoluci\u00f3n del mercado energ\u00e9tico que permite una mejor toma de decisiones.","twitter_image":"https:\/\/imco.org.mx\/monitor\/wp-content\/uploads\/2025\/03\/WhatsApp-Image-2025-02-18-at-5.02.53-PM.jpeg","schema":{"@context":"https:\/\/schema.org","@graph":[{"@type":"WebPage","@id":"https:\/\/imco.org.mx\/monitor\/energia\/","url":"https:\/\/imco.org.mx\/monitor\/energia\/","name":"Energ\u00eda - Monitor","isPartOf":{"@id":"https:\/\/imco.org.mx\/monitor\/#website"},"primaryImageOfPage":{"@id":"https:\/\/imco.org.mx\/monitor\/energia\/#primaryimage"},"image":{"@id":"https:\/\/imco.org.mx\/monitor\/energia\/#primaryimage"},"thumbnailUrl":"https:\/\/imco.org.mx\/monitor\/wp-content\/uploads\/2025\/03\/WhatsApp-Image-2025-02-18-at-5.02.53-PM.jpeg","datePublished":"2022-01-28T00:52:59+00:00","dateModified":"2025-07-28T18:14:38+00:00","description":"El Monitor de Energ\u00eda ofrece informaci\u00f3n actualizada proveniente de fuentes oficiales actualizada sobre la evoluci\u00f3n del mercado energ\u00e9tico","breadcrumb":{"@id":"https:\/\/imco.org.mx\/monitor\/energia\/#breadcrumb"},"inLanguage":"es","potentialAction":[{"@type":"ReadAction","target":["https:\/\/imco.org.mx\/monitor\/energia\/"]}]},{"@type":"ImageObject","inLanguage":"es","@id":"https:\/\/imco.org.mx\/monitor\/energia\/#primaryimage","url":"https:\/\/imco.org.mx\/monitor\/wp-content\/uploads\/2025\/03\/WhatsApp-Image-2025-02-18-at-5.02.53-PM.jpeg","contentUrl":"https:\/\/imco.org.mx\/monitor\/wp-content\/uploads\/2025\/03\/WhatsApp-Image-2025-02-18-at-5.02.53-PM.jpeg","width":1280,"height":1146},{"@type":"BreadcrumbList","@id":"https:\/\/imco.org.mx\/monitor\/energia\/#breadcrumb","itemListElement":[{"@type":"ListItem","position":1,"name":"Inicio","item":"https:\/\/imco.org.mx\/monitor\/"},{"@type":"ListItem","position":2,"name":"Energ\u00eda"}]},{"@type":"WebSite","@id":"https:\/\/imco.org.mx\/monitor\/#website","url":"https:\/\/imco.org.mx\/monitor\/","name":"Monitor","description":"Monitor de competitividad - IMCO","potentialAction":[{"@type":"SearchAction","target":{"@type":"EntryPoint","urlTemplate":"https:\/\/imco.org.mx\/monitor\/?s={search_term_string}"},"query-input":{"@type":"PropertyValueSpecification","valueRequired":true,"valueName":"search_term_string"}}],"inLanguage":"es"}]}},"_links":{"self":[{"href":"https:\/\/imco.org.mx\/monitor\/wp-json\/wp\/v2\/pages\/74796","targetHints":{"allow":["GET"]}}],"collection":[{"href":"https:\/\/imco.org.mx\/monitor\/wp-json\/wp\/v2\/pages"}],"about":[{"href":"https:\/\/imco.org.mx\/monitor\/wp-json\/wp\/v2\/types\/page"}],"author":[{"embeddable":true,"href":"https:\/\/imco.org.mx\/monitor\/wp-json\/wp\/v2\/users\/1"}],"replies":[{"embeddable":true,"href":"https:\/\/imco.org.mx\/monitor\/wp-json\/wp\/v2\/comments?post=74796"}],"version-history":[{"count":68,"href":"https:\/\/imco.org.mx\/monitor\/wp-json\/wp\/v2\/pages\/74796\/revisions"}],"predecessor-version":[{"id":74936,"href":"https:\/\/imco.org.mx\/monitor\/wp-json\/wp\/v2\/pages\/74796\/revisions\/74936"}],"wp:featuredmedia":[{"embeddable":true,"href":"https:\/\/imco.org.mx\/monitor\/wp-json\/wp\/v2\/media\/74935"}],"wp:attachment":[{"href":"https:\/\/imco.org.mx\/monitor\/wp-json\/wp\/v2\/media?parent=74796"}],"curies":[{"name":"wp","href":"https:\/\/api.w.org\/{rel}","templated":true}]}}